{"id":841,"date":"2025-06-10T14:31:19","date_gmt":"2025-06-10T12:31:19","guid":{"rendered":"https:\/\/bistro-croquant.nl\/?post_type=product&#038;p=841"},"modified":"2025-06-11T19:21:46","modified_gmt":"2025-06-11T17:21:46","slug":"cheque-cadeau","status":"publish","type":"product","link":"https:\/\/bistro-croquant.nl\/fr\/product\/cadeaubon\/","title":{"rendered":"Cadeau"},"content":{"rendered":"","protected":false},"excerpt":{"rendered":"<p data-start=\"128\" data-end=\"190\"><strong>Surprendre avec un cadeau de bon go\u00fbt<br \/>\n<\/strong>Vous cherchez un cadeau original et \u00e9l\u00e9gant ? Avec un ch\u00e8que-cadeau du Bistro Croquant, vous offrez une exp\u00e9rience culinaire pleine de sophistication. D'un d\u00e9jeuner surprenant \u00e0 un d\u00eener complet avec nos plats de croquant : avec nous, tout est question de go\u00fbt, d'ambiance et d'exp\u00e9rience.<\/p>\n<p>Un bistro moderne \u00e0 Maastricht avec des saveurs classiques et contemporaines, honn\u00eates et pures avec des garnitures surprenantes et une touche diff\u00e9rente. Un endroit o\u00f9 vous \u00eates toujours le bienvenu et o\u00f9 vous pouvez appr\u00e9cier les exp\u00e9riences gustatives pr\u00e9sent\u00e9es.<\/p>","protected":false},"featured_media":200,"comment_status":"open","ping_status":"closed","template":"","meta":[],"product_brand":[],"product_cat":[26],"product_tag":[],"class_list":{"0":"post-841","1":"product","2":"type-product","3":"status-publish","4":"has-post-thumbnail","6":"product_cat-geen-categorie","8":"first","9":"instock","10":"shipping-taxable","11":"purchasable","12":"product-type-variable"},"_links":{"self":[{"href":"https:\/\/bistro-croquant.nl\/fr\/wp-json\/wp\/v2\/product\/841","targetHints":{"allow":["GET"]}}],"collection":[{"href":"https:\/\/bistro-croquant.nl\/fr\/wp-json\/wp\/v2\/product"}],"about":[{"href":"https:\/\/bistro-croquant.nl\/fr\/wp-json\/wp\/v2\/types\/product"}],"replies":[{"embeddable":true,"href":"https:\/\/bistro-croquant.nl\/fr\/wp-json\/wp\/v2\/comments?post=841"}],"wp:featuredmedia":[{"embeddable":true,"href":"https:\/\/bistro-croquant.nl\/fr\/wp-json\/wp\/v2\/media\/200"}],"wp:attachment":[{"href":"https:\/\/bistro-croquant.nl\/fr\/wp-json\/wp\/v2\/media?parent=841"}],"wp:term":[{"taxonomy":"product_brand","embeddable":true,"href":"https:\/\/bistro-croquant.nl\/fr\/wp-json\/wp\/v2\/product_brand?post=841"},{"taxonomy":"product_cat","embeddable":true,"href":"https:\/\/bistro-croquant.nl\/fr\/wp-json\/wp\/v2\/product_cat?post=841"},{"taxonomy":"product_tag","embeddable":true,"href":"https:\/\/bistro-croquant.nl\/fr\/wp-json\/wp\/v2\/product_tag?post=841"}],"curies":[{"name":"wp","href":"https:\/\/api.w.org\/{rel}","templated":true}]}}