{"id":301,"date":"2023-08-18T10:58:57","date_gmt":"2023-08-18T08:58:57","guid":{"rendered":"https:\/\/043mail.nl\/?page_id=301"},"modified":"2025-12-04T13:38:00","modified_gmt":"2025-12-04T12:38:00","slug":"reserve","status":"publish","type":"page","link":"https:\/\/bistro-croquant.nl\/fr\/reserveren\/","title":{"rendered":"R\u00e9servation"},"content":{"rendered":"<div data-elementor-type=\"wp-page\" data-elementor-id=\"301\" class=\"elementor elementor-301\" data-elementor-post-type=\"page\">\n\t\t\t\t<div class=\"elementor-element elementor-element-5f804eb e-con-full e-flex e-con e-parent\" data-id=\"5f804eb\" data-element_type=\"container\" data-e-type=\"container\" data-settings=\"{&quot;background_background&quot;:&quot;classic&quot;,&quot;jet_parallax_layout_list&quot;:[]}\">\n\t\t<div class=\"elementor-element elementor-element-1a9fa91 e-con-full e-flex e-con e-child\" data-id=\"1a9fa91\" data-element_type=\"container\" data-e-type=\"container\" data-settings=\"{&quot;background_background&quot;:&quot;classic&quot;,&quot;jet_parallax_layout_list&quot;:[]}\">\n\t\t\t\t<div class=\"elementor-element elementor-element-4883f50 de_scroll_animation_no elementor-invisible elementor-widget elementor-widget-heading\" data-id=\"4883f50\" data-element_type=\"widget\" data-e-type=\"widget\" data-settings=\"{&quot;_animation&quot;:&quot;fadeIn&quot;}\" data-widget_type=\"heading.default\">\n\t\t\t\t<div class=\"elementor-widget-container\">\n\t\t\t\t\t<h2 class=\"elementor-heading-title elementor-size-default\">R\u00e9servation<\/h2>\t\t\t\t<\/div>\n\t\t\t\t<\/div>\n\t\t\t\t<\/div>\n\t\t\t\t<\/div>\n\t\t<div class=\"elementor-element elementor-element-cb91adb e-flex e-con-boxed e-con e-parent\" data-id=\"cb91adb\" data-element_type=\"container\" data-e-type=\"container\" data-settings=\"{&quot;jet_parallax_layout_list&quot;:[]}\">\n\t\t\t\t\t<div class=\"e-con-inner\">\n\t\t<div class=\"elementor-element elementor-element-f5e6398 e-con-full e-flex e-con e-child\" data-id=\"f5e6398\" data-element_type=\"container\" data-e-type=\"container\" data-settings=\"{&quot;jet_parallax_layout_list&quot;:[]}\">\n\t\t\t\t<div class=\"elementor-element elementor-element-28986ee de_scroll_animation_no elementor-invisible elementor-widget elementor-widget-heading\" data-id=\"28986ee\" data-element_type=\"widget\" data-e-type=\"widget\" data-settings=\"{&quot;_animation&quot;:&quot;fadeIn&quot;,&quot;_animation_delay&quot;:200}\" data-widget_type=\"heading.default\">\n\t\t\t\t<div class=\"elementor-widget-container\">\n\t\t\t\t\t<h2 class=\"elementor-heading-title elementor-size-default\">R\u00e9servez et profitez<\/h2>\t\t\t\t<\/div>\n\t\t\t\t<\/div>\n\t\t<div class=\"elementor-element elementor-element-c13ac68 e-con-full e-flex e-con e-child\" data-id=\"c13ac68\" data-element_type=\"container\" data-e-type=\"container\" data-settings=\"{&quot;jet_parallax_layout_list&quot;:[]}\">\n\t\t<div class=\"elementor-element elementor-element-1bae37e e-con-full e-flex elementor-invisible e-con e-child\" data-id=\"1bae37e\" data-element_type=\"container\" data-e-type=\"container\" data-settings=\"{&quot;animation&quot;:&quot;fadeIn&quot;,&quot;animation_delay&quot;:400,&quot;jet_parallax_layout_list&quot;:[]}\">\n\t\t\t\t<div class=\"elementor-element elementor-element-2306e58 de_scroll_animation_no elementor-invisible elementor-widget elementor-widget-text-editor\" data-id=\"2306e58\" data-element_type=\"widget\" data-e-type=\"widget\" data-settings=\"{&quot;_animation&quot;:&quot;fadeIn&quot;,&quot;_animation_delay&quot;:400}\" data-widget_type=\"text-editor.default\">\n\t\t\t\t<div class=\"elementor-widget-container\">\n\t\t\t\t\t\t\t\t\t<p>L'\u00e9quipe du Bistro Croquant vous invite \u00e0 vous faire plaisir et \u00e0 venir profiter de notre atmosph\u00e8re familiale et gratuite et de nos d\u00e9licieux plats.<br \/><br \/>Vous \u00eates curieux de conna\u00eetre le Bistro Croquant et vous voulez \u00eatre s\u00fbr d'avoir une bonne place ? Dans ce cas, r\u00e9servez d\u00e8s maintenant votre d\u00eener dans notre bistro confortable en ligne !<\/p>\t\t\t\t\t\t\t\t<\/div>\n\t\t\t\t<\/div>\n\t\t\t\t<\/div>\n\t\t<div class=\"elementor-element elementor-element-6866587 e-con-full e-flex elementor-invisible e-con e-child\" data-id=\"6866587\" data-element_type=\"container\" data-e-type=\"container\" data-settings=\"{&quot;animation&quot;:&quot;fadeIn&quot;,&quot;animation_delay&quot;:400,&quot;jet_parallax_layout_list&quot;:[]}\">\n\t\t\t\t<div class=\"elementor-element elementor-element-befb089 de_scroll_animation_no elementor-widget elementor-widget-html\" data-id=\"befb089\" data-element_type=\"widget\" data-e-type=\"widget\" data-widget_type=\"html.default\">\n\t\t\t\t<div class=\"elementor-widget-container\">\n\t\t\t\t\t<iframe\n        src=\"https:\/\/widget.thefork.com\/3964de07-1368-4700-bc38-b7aab23f37d9\"\n        allow=\"payment *\"\n        style=\"width: 100%; min-height:800px; border:none; overflow:scroll;\"\n      ><\/iframe>\t\t\t\t<\/div>\n\t\t\t\t<\/div>\n\t\t\t\t<\/div>\n\t\t\t\t<\/div>\n\t\t\t\t<\/div>\n\t\t\t\t\t<\/div>\n\t\t\t\t<\/div>\n\t\t\t\t<\/div>","protected":false},"excerpt":{"rendered":"<p>R\u00e9servez R\u00e9servez et profitez L'\u00e9quipe du Bistro Croquant vous invite \u00e0 vous faire plaisir et \u00e0 venir profiter de notre atmosph\u00e8re familiale et libre et de nos d\u00e9licieux plats. Vous \u00eates curieux de d\u00e9couvrir le Bistro Croquant et vous voulez \u00eatre s\u00fbr d'avoir une bonne place ? Alors r\u00e9servez d\u00e8s maintenant votre d\u00eener dans notre bistro confortable en ligne !<\/p>","protected":false},"author":1,"featured_media":0,"parent":0,"menu_order":0,"comment_status":"closed","ping_status":"closed","template":"elementor_header_footer","meta":{"footnotes":""},"class_list":["post-301","page","type-page","status-publish","hentry"],"_links":{"self":[{"href":"https:\/\/bistro-croquant.nl\/fr\/wp-json\/wp\/v2\/pages\/301","targetHints":{"allow":["GET"]}}],"collection":[{"href":"https:\/\/bistro-croquant.nl\/fr\/wp-json\/wp\/v2\/pages"}],"about":[{"href":"https:\/\/bistro-croquant.nl\/fr\/wp-json\/wp\/v2\/types\/page"}],"author":[{"embeddable":true,"href":"https:\/\/bistro-croquant.nl\/fr\/wp-json\/wp\/v2\/users\/1"}],"replies":[{"embeddable":true,"href":"https:\/\/bistro-croquant.nl\/fr\/wp-json\/wp\/v2\/comments?post=301"}],"version-history":[{"count":5,"href":"https:\/\/bistro-croquant.nl\/fr\/wp-json\/wp\/v2\/pages\/301\/revisions"}],"predecessor-version":[{"id":950,"href":"https:\/\/bistro-croquant.nl\/fr\/wp-json\/wp\/v2\/pages\/301\/revisions\/950"}],"wp:attachment":[{"href":"https:\/\/bistro-croquant.nl\/fr\/wp-json\/wp\/v2\/media?parent=301"}],"curies":[{"name":"wp","href":"https:\/\/api.w.org\/{rel}","templated":true}]}}